{"id":40,"date":"2021-03-28T18:23:39","date_gmt":"2021-03-28T16:23:39","guid":{"rendered":"https:\/\/www.festivalcc.pl\/2021\/?page_id=40"},"modified":"2021-03-28T18:23:50","modified_gmt":"2021-03-28T16:23:50","slug":"zgloszenie","status":"publish","type":"page","link":"https:\/\/www.festivalcc.pl\/2021\/zgloszenie\/","title":{"rendered":"Zg\u0142oszenie"},"content":{"rendered":"<div id=\"wppb-builder-container\" class=\"wppb-builder-container\">                <div  class=\"wppb-row-parent  wppb-row-1616948634275 \"  >\n\t\t\t\t\t\n\t\t\t\t\t\t\t\t\t\t\n\t\t\t\t\t\t\t\t\t\t\n\t\t\t\t\t<div class=\"wppb-container \">\n\t\t\t\t\t\t\t\t\t\t\t\t\t\n                        <div class=\"wppb-row\">\n\t\t\t\t\t\t\t                                    <div  class=\"wppb-column-parent wppb-column-parent-view wppb-col-1616948634276  \"  >\n                                        <div class=\"wppb-column\">\n\t\t\t\t\t\n\t\t\t\t\t\t\t\t\t\t\t\n                                            <div class=\"wppb-builder-addons\">\n\t\t\t\t\t\t\t\t\t\t\t\t                                            <\/div>\n                                        <\/div>\n                                    <\/div>\n\t\t\t\t\t\t\t\t\t                                    <div  class=\"wppb-column-parent wppb-column-parent-view wppb-col-1616948634277  \"  >\n                                        <div class=\"wppb-column\">\n\t\t\t\t\t\n\t\t\t\t\t\t\t\t\t\t\t\n                                            <div class=\"wppb-builder-addons\">\n\t\t\t\t\t\t\t\t\t\t\t\t<div class='wppb-builder-addon wppb-addon-1616948634278'  data-addon-id='1616948634278'><div class='wppb-addon'><div class=\"wppb-headline-addon\"><div class=\"wppb-headline-content\"><h1 class=\"wppb-addon-title\">DO\u0141\u0104CZ DO UCZESTNIK\u00d3W<\/h1><\/div><\/div><\/div><\/div><div class='wppb-builder-addon wppb-addon-1616948634280'  data-addon-id='1616948634280'><div class='wppb-addon'><div class=\"wppb-headline-addon\"><div class=\"wppb-headline-content\"><span class=\"wppb-addon-title\">Zarejestruj si\u0119 jako uczestnik Customer Care Festival 2021!<\/span><\/div><\/div><\/div><\/div>                                            <\/div>\n                                        <\/div>\n                                    <\/div>\n\t\t\t\t\t\t\t\t\t                                    <div  class=\"wppb-column-parent wppb-column-parent-view wppb-col-1616948634283  \"  >\n                                        <div class=\"wppb-column\">\n\t\t\t\t\t\n\t\t\t\t\t\t\t\t\t\t\t\n                                            <div class=\"wppb-builder-addons\">\n\t\t\t\t\t\t\t\t\t\t\t\t                                            <\/div>\n                                        <\/div>\n                                    <\/div>\n\t\t\t\t\t\t\t\t\t                        <\/div>\n\n                    <\/div>\n                <\/div>\n\t\t\t\t                <div  class=\"wppb-row-parent  wppb-row-1630775075903 \"  >\n\t\t\t\t\t\n\t\t\t\t\t\t\t\t\t\t\n\t\t\t\t\t\t\t\t\t\t\n\t\t\t\t\t<div class=\"wppb-container \">\n\t\t\t\t\t\t\t\t\t\t\t\t\t\n                        <div class=\"wppb-row\">\n\t\t\t\t\t\t\t                                    <div  class=\"wppb-column-parent wppb-column-parent-view wppb-col-1630775075902  \"  >\n                                        <div class=\"wppb-column\">\n\t\t\t\t\t\n\t\t\t\t\t\t\t\t\t\t\t\n                                            <div class=\"wppb-builder-addons\">\n\t\t\t\t\t\t\t\t\t\t\t\t<div class='wppb-builder-addon wppb-addon-1635262806310'  data-addon-id='1635262806310'><div class='wppb-addon'><div class=\"wppb-global-form-addon\"><div class=\"wppb-global-form-content  wppb-textarea-disbale-0\"><div role=\"form\" class=\"wpcf7\" id=\"wpcf7-f228-o1\" lang=\"pl-PL\" dir=\"ltr\">\n<div class=\"screen-reader-response\"><p role=\"status\" aria-live=\"polite\" aria-atomic=\"true\"><\/p> <ul><\/ul><\/div>\n<form action=\"\/2021\/wp-json\/wp\/v2\/pages\/40#wpcf7-f228-o1\" method=\"post\" class=\"wpcf7-form init\" novalidate=\"novalidate\" data-status=\"init\">\n<div style=\"display: none;\">\n<input type=\"hidden\" name=\"_wpcf7\" value=\"228\" \/>\n<input type=\"hidden\" name=\"_wpcf7_version\" value=\"5.5.6\" \/>\n<input type=\"hidden\" name=\"_wpcf7_locale\" value=\"pl_PL\" \/>\n<input type=\"hidden\" name=\"_wpcf7_unit_tag\" value=\"wpcf7-f228-o1\" \/>\n<input type=\"hidden\" name=\"_wpcf7_container_post\" value=\"0\" \/>\n<input type=\"hidden\" name=\"_wpcf7_posted_data_hash\" value=\"\" \/>\n<\/div>\n<table border=\"0\">\n<tr>\n<td border=\"0\" colspan=\"3\"><label>Twoje imi\u0119 i nazwisko<font color=\"red\"><sup>*<\/sup><\/font>: <span class=\"wpcf7-form-control-wrap your-name\"><input type=\"text\" name=\"your-name\" value=\"\" size=\"40\" class=\"wpcf7-form-control wpcf7-text wpcf7-validates-as-required\" aria-required=\"true\" aria-invalid=\"false\" \/><\/span><\/label><\/td>\n<\/tr>\n<tr>\n<td border=\"0\"><label>Tw\u00f3j s\u0142u\u017cbowy email (inny ni\u017c gmail etc)<font color=\"red\"><sup>*<\/sup><\/font>: <span class=\"wpcf7-form-control-wrap your-email\"><input type=\"email\" name=\"your-email\" value=\"\" size=\"40\" class=\"wpcf7-form-control wpcf7-text wpcf7-email wpcf7-validates-as-required wpcf7-validates-as-email\" aria-required=\"true\" aria-invalid=\"false\" \/><\/span> <\/label><\/td>\n<td border=\"0\" width=\"4%\"> &nbsp; <\/td>\n<td border=\"0\" width=\"48%\"><label>Telefon kom\u00f3rkowy<font color=\"red\"><sup>*<\/sup><\/font>: <span class=\"wpcf7-form-control-wrap komorka\"><input type=\"text\" name=\"komorka\" value=\"\" size=\"40\" class=\"wpcf7-form-control wpcf7-text wpcf7-validates-as-required\" aria-required=\"true\" aria-invalid=\"false\" \/><\/span><\/label><\/td>\n<\/tr>\n<tr>\n<td border=\"0\" colspan=\"3\"><label>Stanowisko<font color=\"red\"><sup>*<\/sup><\/font>: <span class=\"wpcf7-form-control-wrap stanowisko\"><input type=\"text\" name=\"stanowisko\" value=\"\" size=\"40\" class=\"wpcf7-form-control wpcf7-text wpcf7-validates-as-required\" aria-required=\"true\" aria-invalid=\"false\" \/><\/span><\/label><\/td>\n<\/tr>\n<tr>\n<td border=\"0\" colspan=\"3\"><label>Nazwa reprezentowanej firmy<font color=\"red\"><sup>*<\/sup><\/font>: <span class=\"wpcf7-form-control-wrap firma\"><input type=\"text\" name=\"firma\" value=\"\" size=\"40\" class=\"wpcf7-form-control wpcf7-text wpcf7-validates-as-required\" aria-required=\"true\" aria-invalid=\"false\" \/><\/span><\/label><\/td>\n<\/tr>\n<tr>\n<td border=\"0\" width=\"48%\"><label>Tw\u00f3j PRYWATNY email (inny ni\u017c s\u0142u\u017cbowy)<font color=\"red\"><sup>*<\/sup><\/font>: <span class=\"wpcf7-form-control-wrap your-emailprv\"><input type=\"email\" name=\"your-emailprv\" value=\"\" size=\"40\" class=\"wpcf7-form-control wpcf7-text wpcf7-email wpcf7-validates-as-required wpcf7-validates-as-email\" aria-required=\"true\" aria-invalid=\"false\" \/><\/span> <\/label><\/td>\n<td border=\"0\"> &nbsp; <\/td>\n<td border=\"0\"><label>Bran\u017ca<font color=\"red\"><sup>*<\/sup><\/font>: <span class=\"wpcf7-form-control-wrap branza\"><select name=\"branza\" class=\"wpcf7-form-control wpcf7-select wpcf7-validates-as-required\" aria-required=\"true\" aria-invalid=\"false\"><option value=\"\">---<\/option><option value=\"sektor publiczny\">sektor publiczny<\/option><option value=\"bankowo\u015b\u0107 i finanse\">bankowo\u015b\u0107 i finanse<\/option><option value=\"budownictwo\">budownictwo<\/option><option value=\"energetyka\">energetyka<\/option><option value=\"farmacja\">farmacja<\/option><option value=\"fmcg\">fmcg<\/option><option value=\"g\u00f3rnictwo i wydobycie\">g\u00f3rnictwo i wydobycie<\/option><option value=\"handel\">handel<\/option><option value=\"it\">it<\/option><option value=\"logistyka\">logistyka<\/option><option value=\"media\">media<\/option><option value=\"paliwowa\">paliwowa<\/option><option value=\"przemys\u0142 chemiczny\">przemys\u0142 chemiczny<\/option><option value=\"przemys\u0142 lekki\">przemys\u0142 lekki<\/option><option value=\"przemys\u0142 metalowy\">przemys\u0142 metalowy<\/option><option value=\"przemys\u0142 precyzyjny\">przemys\u0142 precyzyjny<\/option><option value=\"przemys\u0142 samochodowy\">przemys\u0142 samochodowy<\/option><option value=\"przemys\u0142 spo\u017cywczy\">przemys\u0142 spo\u017cywczy<\/option><option value=\"telekomunikacja\">telekomunikacja<\/option><option value=\"transport\">transport<\/option><option value=\"ubezpieczenia\">ubezpieczenia<\/option><option value=\"us\u0142ugi\">us\u0142ugi<\/option><option value=\"u\u017cyteczno\u015b\u0107 publiczna\">u\u017cyteczno\u015b\u0107 publiczna<\/option><option value=\"inna\">inna<\/option><\/select><\/span><\/label><\/td>\n<\/tr>\n<tr>\n<td border=\"0\" colspan=\"3\"><font family=\"Nunito\" size=\"2\">O Tw\u00f3j prywatny e-mail prosimy, gdy\u017c z do\u015bwiadczenia wiemy, \u017ce nasze e-maile potrafi\u0105 trafia\u0107 do skrzynki jako SPAM. Dzi\u0119ki temu mamy wi\u0119ksz\u0105 pewno\u015b\u0107, \u017ce wiadomo\u015bci w sprawie Twojego udzia\u0142u w CCF2021, do Ciebie docieraj\u0105.<br><br><br>Je\u015bli w sprawach organizacyjnych mamy kontaktowa\u0107 si\u0119 z kim\u015b innym - wpisz poni\u017cej jego dane.<\/font><br><br><\/td>\n<\/tr>\n<tr>\n<td border=\"0\" colspan=\"3\"><label>Twoje imi\u0119 i nazwisko: <span class=\"wpcf7-form-control-wrap name_kontaktowy\"><input type=\"text\" name=\"name_kontaktowy\" value=\"\" size=\"40\" class=\"wpcf7-form-control wpcf7-text\" aria-invalid=\"false\" \/><\/span><\/label><\/td>\n<\/tr>\n<tr>\n<td border=\"0\"><label>E-mail: <span class=\"wpcf7-form-control-wrap mail-kontakt\"><input type=\"email\" name=\"mail-kontakt\" value=\"\" size=\"40\" class=\"wpcf7-form-control wpcf7-text wpcf7-email wpcf7-validates-as-email\" aria-invalid=\"false\" \/><\/span> <\/label><\/td>\n<td border=\"0\"> &nbsp; <\/td>\n<td border=\"0\"><label>Telefon kontaktowy: <span class=\"wpcf7-form-control-wrap komorka-kontakt\"><input type=\"text\" name=\"komorka-kontakt\" value=\"\" size=\"40\" class=\"wpcf7-form-control wpcf7-text\" aria-invalid=\"false\" \/><\/span><\/label><\/td>\n<\/tr>\n<\/table>\n<table border=\"0\">\n<tr>\n<td border=\"0\" width=\"10%\"><span class=\"wpcf7-form-control-wrap zgoda1\"><span class=\"wpcf7-form-control wpcf7-acceptance\"><span class=\"wpcf7-list-item\"><label><input type=\"checkbox\" name=\"zgoda1\" value=\"1\" aria-invalid=\"false\" \/><span class=\"wpcf7-list-item-label\">&nbsp;<\/span><\/label><\/span><\/span><\/span><\/td>\n<td border=\"0\" width=\"90%\"><font family=\"Nunito\" size=\"2\"> Zapozna\u0142am\/em si\u0119 z tre\u015bci\u0105 <a href=\"https:\/\/www.festivalcc.pl\/2021\/regulamin\/\" target=\"_blank\">regulaminu udzia\u0142u w festivalu<\/a> i akceptuj\u0119 jego tre\u015b\u0107.<font color=\"red\"><sup>*<\/sup><\/font><\/font> <\/td>\n<\/tr>\n<tr>\n<td border=\"0\" width=\"10%\"><span class=\"wpcf7-form-control-wrap zgoda2\"><span class=\"wpcf7-form-control wpcf7-acceptance\"><span class=\"wpcf7-list-item\"><label><input type=\"checkbox\" name=\"zgoda2\" value=\"1\" aria-invalid=\"false\" \/><span class=\"wpcf7-list-item-label\">&nbsp;<\/span><\/label><\/span><\/span><\/span><\/td>\n<td border=\"0\" width=\"90%\"><font family=\"Nunito\" size=\"2\">Zapozna\u0142em si\u0119 z <a href=\"https:\/\/www.festivalcc.pl\/2021\/polityka-prywatnosci\/\" target=\"_blank\">Polityk\u0105 prywatno\u015bci<\/a> festivalu.<font color=\"red\"><sup>*<\/sup><\/font><\/font><\/td>\n<\/tr>\n<tr>\n<td border=\"0\" width=\"10%\"><span class=\"wpcf7-form-control-wrap zgoda3\"><span class=\"wpcf7-form-control wpcf7-acceptance\"><span class=\"wpcf7-list-item\"><label><input type=\"checkbox\" name=\"zgoda3\" value=\"1\" aria-invalid=\"false\" \/><span class=\"wpcf7-list-item-label\">&nbsp;<\/span><\/label><\/span><\/span><\/span><\/td>\n<td border=\"0\" width=\"90%\"><font family=\"Nunito\" size=\"2\">Wyra\u017cam zgod\u0119 na udost\u0119pnienie przez organizatora moich danych teleadresowych, w\u0142\u0105cznie z otrzymywaniem od organizatora i partner\u00f3w informacji marketingowych na podany adres e-mail i\/lub numer telefonu. Jednocze\u015bnie jestem \u015bwiadomy\/a mo\u017cliwo\u015bci zmiany lub usuni\u0119cia danych w ka\u017cdej chwili.<font color=\"red\"><sup>*<\/sup><\/font><br><br><\/font><\/td>\n<\/tr>\n<tr>\n<td border=\"0\" width=\"10%\"><span class=\"wpcf7-form-control-wrap zgoda3\"><span class=\"wpcf7-form-control wpcf7-acceptance\"><span class=\"wpcf7-list-item\"><label><input type=\"checkbox\" name=\"zgoda3\" value=\"1\" aria-invalid=\"false\" \/><span class=\"wpcf7-list-item-label\">&nbsp;<\/span><\/label><\/span><\/span><\/span><\/td>\n<td border=\"0\" width=\"90%\"><font family=\"Nunito\" size=\"2\">Wyra\u017cam zgod\u0119 na udost\u0119pnienie moich danych teleadresowych firmie <b>Teleperformance Polska Sp. z o.o.<\/b> z siedzib\u0105 przy ul. Wo\u0142oska 24, 02-675 Warszawa, KRS: 0000084816, NIP: 8992217906 do cel\u00f3w marketingowych z wykorzystaniem \u015brodk\u00f3w komunikacji elektronicznej. Jednocze\u015bnie jestem \u015bwiadomy\/a mo\u017cliwo\u015bci zmiany lub usuni\u0119cia danych w ka\u017cdej chwili.<font color=\"red\"><sup>*<\/sup><\/font><\/font><\/td>\n<\/tr>\n<\/table>\n<p><input type=\"submit\" value=\"Wy\u015blij\" class=\"wpcf7-form-control has-spinner wpcf7-submit\" \/><\/p>\n<div class=\"wpcf7-response-output\" aria-hidden=\"true\"><\/div><\/form><\/div><\/div><\/div><\/div><\/div><div class='wppb-builder-addon wppb-addon-1630775083556'  data-addon-id='1630775083556'><div class='wppb-addon'><div class=\"wppb-headline-addon\"><div class=\"wppb-headline-content\"><h2 class=\"wppb-addon-title\">Rejestracja uczestnik\u00f3w na Customer Care Festival 2021 zosta\u0142a zamkni\u0119ta.<\/h2><\/div><\/div><\/div><\/div>                                            <\/div>\n                                        <\/div>\n                                    <\/div>\n\t\t\t\t\t\t\t\t\t                        <\/div>\n\n                    <\/div>\n                <\/div>\n\t\t\t\t<\/div>","protected":false},"excerpt":{"rendered":"","protected":false},"author":1,"featured_media":0,"parent":0,"menu_order":0,"comment_status":"closed","ping_status":"closed","template":"wppb_theme_template","meta":{"footnotes":""},"class_list":["post-40","page","type-page","status-publish","hentry"],"_links":{"self":[{"href":"https:\/\/www.festivalcc.pl\/2021\/wp-json\/wp\/v2\/pages\/40","targetHints":{"allow":["GET"]}}],"collection":[{"href":"https:\/\/www.festivalcc.pl\/2021\/wp-json\/wp\/v2\/pages"}],"about":[{"href":"https:\/\/www.festivalcc.pl\/2021\/wp-json\/wp\/v2\/types\/page"}],"author":[{"embeddable":true,"href":"https:\/\/www.festivalcc.pl\/2021\/wp-json\/wp\/v2\/users\/1"}],"replies":[{"embeddable":true,"href":"https:\/\/www.festivalcc.pl\/2021\/wp-json\/wp\/v2\/comments?post=40"}],"version-history":[{"count":1,"href":"https:\/\/www.festivalcc.pl\/2021\/wp-json\/wp\/v2\/pages\/40\/revisions"}],"predecessor-version":[{"id":41,"href":"https:\/\/www.festivalcc.pl\/2021\/wp-json\/wp\/v2\/pages\/40\/revisions\/41"}],"wp:attachment":[{"href":"https:\/\/www.festivalcc.pl\/2021\/wp-json\/wp\/v2\/media?parent=40"}],"curies":[{"name":"wp","href":"https:\/\/api.w.org\/{rel}","templated":true}]}}