{"id":48,"date":"2021-03-28T22:05:17","date_gmt":"2021-03-28T20:05:17","guid":{"rendered":"https:\/\/www.festivalcc.pl\/2021\/?page_id=48"},"modified":"2021-03-28T22:05:17","modified_gmt":"2021-03-28T20:05:17","slug":"regulamin","status":"publish","type":"page","link":"https:\/\/www.festivalcc.pl\/2021\/regulamin\/","title":{"rendered":"Regulamin"},"content":{"rendered":"<div id=\"wppb-builder-container\" class=\"wppb-builder-container\">                <div  class=\"wppb-row-parent  wppb-row-1616961982510 \"  >\n\t\t\t\t\t\n\t\t\t\t\t\t\t\t\t\t\n\t\t\t\t\t\t\t\t\t\t\n\t\t\t\t\t<div class=\"wppb-container \">\n\t\t\t\t\t\t\t\t\t\t\t\t\t\n                        <div class=\"wppb-row\">\n\t\t\t\t\t\t\t                                    <div  class=\"wppb-column-parent wppb-column-parent-view wppb-col-1616961982511  \"  >\n                                        <div class=\"wppb-column\">\n\t\t\t\t\t\n\t\t\t\t\t\t\t\t\t\t\t\n                                            <div class=\"wppb-builder-addons\">\n\t\t\t\t\t\t\t\t\t\t\t\t                                            <\/div>\n                                        <\/div>\n                                    <\/div>\n\t\t\t\t\t\t\t\t\t                                    <div  class=\"wppb-column-parent wppb-column-parent-view wppb-col-1616961982512  \"  >\n                                        <div class=\"wppb-column\">\n\t\t\t\t\t\n\t\t\t\t\t\t\t\t\t\t\t\n                                            <div class=\"wppb-builder-addons\">\n\t\t\t\t\t\t\t\t\t\t\t\t<div class='wppb-builder-addon wppb-addon-1616961982513'  data-addon-id='1616961982513'><div class='wppb-addon'><div class=\"wppb-headline-addon\"><div class=\"wppb-headline-content\"><h1 class=\"wppb-addon-title\">REGULAMIN FESTIVALU<\/h1><\/div><\/div><\/div><\/div><div class='wppb-builder-addon wppb-addon-1616961982514'  data-addon-id='1616961982514'><div class='wppb-addon'><div class=\"wppb-headline-addon\"><div class=\"wppb-headline-content\"><span class=\"wppb-addon-title\">Zapoznaj si\u0119 z regulaminem wydarzenia.<\/span><\/div><\/div><\/div><\/div>                                            <\/div>\n                                        <\/div>\n                                    <\/div>\n\t\t\t\t\t\t\t\t\t                                    <div  class=\"wppb-column-parent wppb-column-parent-view wppb-col-1616961982515  \"  >\n                                        <div class=\"wppb-column\">\n\t\t\t\t\t\n\t\t\t\t\t\t\t\t\t\t\t\n                                            <div class=\"wppb-builder-addons\">\n\t\t\t\t\t\t\t\t\t\t\t\t                                            <\/div>\n                                        <\/div>\n                                    <\/div>\n\t\t\t\t\t\t\t\t\t                        <\/div>\n\n                    <\/div>\n                <\/div>\n\t\t\t\t                <div  class=\"wppb-row-parent  wppb-row-1616961982516 \"  >\n\t\t\t\t\t\n\t\t\t\t\t\t\t\t\t\t\n\t\t\t\t\t\t\t\t\t\t\n\t\t\t\t\t<div class=\"wppb-container \">\n\t\t\t\t\t\t\t\t\t\t\t\t\t\n                        <div class=\"wppb-row\">\n\t\t\t\t\t\t\t                                    <div  class=\"wppb-column-parent wppb-column-parent-view wppb-col-1616961982517  \"  >\n                                        <div class=\"wppb-column\">\n\t\t\t\t\t\n\t\t\t\t\t\t\t\t\t\t\t\n                                            <div class=\"wppb-builder-addons\">\n\t\t\t\t\t\t\t\t\t\t\t\t<div class='wppb-builder-addon wppb-addon-1617008038701'  data-addon-id='1617008038701'><div class='wppb-addon'><div class=\"wppb-text-block-addon\"><div class=\"wppb-text-block-content 0\"><p>Niniejszy Regulamin okre\u015bla zasady dokonywania zg\u0142oszenia on-line na Customer Care Festival 2021 (dalej \"Festival\") , kt\u00f3ry odb\u0119dzie si\u0119 w formie on line w dniach 06-07 wrze\u015bnia 2021 organizowane przez Belocal Polska Sp. z o. o. i Polski Instytut Wiedzy Praktycznej Sp. z o. o. oraz warunki uczestnictwa w Festivalu.<\/p><\/div><\/div><\/div><\/div>                                            <\/div>\n                                        <\/div>\n                                    <\/div>\n\t\t\t\t\t\t\t\t\t                        <\/div>\n\n                    <\/div>\n                <\/div>\n\t\t\t\t                <div  class=\"wppb-row-parent  wppb-row-1617008030978 \"  >\n\t\t\t\t\t\n\t\t\t\t\t\t\t\t\t\t\n\t\t\t\t\t\t\t\t\t\t\n\t\t\t\t\t<div class=\"wppb-container \">\n\t\t\t\t\t\t\t\t\t\t\t\t\t\n                        <div class=\"wppb-row\">\n\t\t\t\t\t\t\t                                    <div  class=\"wppb-column-parent wppb-column-parent-view wppb-col-1617008030976  \"  >\n                                        <div class=\"wppb-column\">\n\t\t\t\t\t\n\t\t\t\t\t\t\t\t\t\t\t\n                                            <div class=\"wppb-builder-addons\">\n\t\t\t\t\t\t\t\t\t\t\t\t<div class='wppb-builder-addon wppb-addon-1617174116862'  data-addon-id='1617174116862'><div class='wppb-addon'><div class=\"wppb-raw-html-addon\"><div class=\"wppb-raw-html-content\"><b>\u00a71 ORGANIZATOR<\/b><br><br>\n<ol>\n<li>Regulamin okre\u015bla warunki uczestnictwa w konferencji pod nazw\u0105 Customer Care Festival 2021 organizowanej przez Belocal Polska Sp. z o.o. z siedzib\u0105 w Warszawie we wsp\u00f3\u0142pracy z Polskim Instytutem Wiedzy Praktycznej Sp. z o.o. z siedzib\u0105 w Warszawie.<br><br><\/li>\n\n<li>Konferencja on-line odb\u0119dzie si\u0119 w dniu 6-7 wrzesie\u0144 2021 i b\u0119dzie transmitowana za po\u015brednictwem platformy https:\/\/live.festivalcc.pl. Dost\u0119p do transmisji b\u0119dzie mo\u017cliwy wy\u0142\u0105cznie po uprzedniej rejestracji na stronie https:\/\/www.festivalcc.pl.\n<\/li><\/ol><\/div><\/div><\/div><\/div><div class='wppb-builder-addon wppb-addon-1617173579688'  data-addon-id='1617173579688'><div class='wppb-addon'><div class=\"wppb-raw-html-addon\"><div class=\"wppb-raw-html-content\"><b>\u00a72 DEFINICJE<\/b><br><br>\n\n<ol> \n<li> Je\u017celi w tre\u015bci Regulaminu nie zastrze\u017cono inaczej, u\u017cyte w nim terminy definiowane s\u0105 nast\u0119puj\u0105co: <br><br>\n\n<ol type=\"a\">\n<li>Regulamin \u2013 niniejszy dokument zawieraj\u0105cy zbi\u00f3r zasad i warunk\u00f3w uczestnictwa w konferencji Customer Care Festival 2021.<br><\/li>\n\n<li>Organizator \u2013  Belocal Polska Sp. z o.o. z siedzib\u0105 w Warszawie, ul. W.H. Lindleya 16, 02-013 Warszawa, NIP: 7010493628 oraz Polski Instytut Wiedzy Praktycznej Sp. z o.o. z siedzib\u0105 w Warszawie, ul. W.H. Lindleya 16, 02-013 Warszawa, NIP: 7010966305<br><\/li>\n\n<li>Konferencja \u2013 organizowane przez Organizatora wydarzenie on-line pod nazw\u0105 Customer Care Festival 2021.<br><\/li>\n<li>Rejestracja \u2013 zg\u0142oszenie Organizatorowi ch\u0119ci uczestnictwa osoby fizycznej w Konferencji poprzez wype\u0142nienie Formularza zg\u0142oszeniowego<br><\/li>\n<li>Formularz zg\u0142oszeniowy \u2013 formularz dost\u0119pny na stronie https:\/\/www.festivalcc.pl, za pomoc\u0105 kt\u00f3rego nast\u0119puje Rejestracja. Pola obowi\u0105zkowe formularza zosta\u0142y przez Organizatora wyr\u00f3\u017cnione.<br><\/li>\n<li>Potwierdzenie zg\u0142oszenia \u2013 komunikat wysy\u0142any przez Organizatora na adres poczty elektronicznej i\/lub wiadomo\u015b\u0107 SMS na adres e-mail lub numer telefonu kom\u00f3rkowego podany przez Uczestnika w procesie Rejestracji, kt\u00f3ry potwierdza Rejestracj\u0119.<br><\/li>\n<li>Uczestnik \u2013 osoba fizyczna, kt\u00f3ra zosta\u0142a wskazana w Formularzu zg\u0142oszeniowym.\n<br><\/li>\n<\/ol>\n<\/ol><\/div><\/div><\/div><\/div><div class='wppb-builder-addon wppb-addon-1617173579991'  data-addon-id='1617173579991'><div class='wppb-addon'><div class=\"wppb-raw-html-addon\"><div class=\"wppb-raw-html-content\"><b>\u00a73 POSTANOWIENIA OG\u00d3LNE<\/b><br><br>\n\n\n<ol>\n<li>Konferencja adresowana jest do specjalist\u00f3w ni\u017cszego, \u015bredniego i wy\u017cszego szczebla w zakresie obs\u0142ugi klienta, wsparcia proces\u00f3w obs\u0142ugi klienta, sprzeda\u017cy i obs\u0142ugi posprzeda\u017cowej, cz\u0142onk\u00f3w zarz\u0105d\u00f3w oraz niezale\u017cnych konsultant\u00f3w dzia\u0142aj\u0105cych na szerokorozumianym rynku obs\u0142ugi klienta.<br><br><\/li>\n\n<li>W konferencji mog\u0105 bra\u0107 udzia\u0142 tak\u017ce przedstawiciele firm dostarczaj\u0105cych technologie do dzia\u0142\u00f3w obs\u0142ugi klienta. Ich uczestnictwo szczeg\u00f3\u0142owo okre\u015bla odr\u0119bny rozdzia\u0142 niniejszego Regulaminu.<br><br><\/li>\n\n<li>W ramach Konferencji odb\u0119d\u0105 si\u0119 prelekcje w formie wyk\u0142adu jak i panelu dyskusyjnego. <br><br><\/li>\n\n<li>Postanowienia Regulaminu stanowi\u0105 integraln\u0105 cz\u0119\u015b\u0107 Rejestracji na Konferencj\u0119. Obowi\u0105zuje on wszystkich uczestnik\u00f3w.<br><br><\/li>\n\n<li>Organizator wskazuje minimalne wymagania techniczne niezb\u0119dne do korzystania ze strony internetowej https:\/\/live.festivalcc.pl:<br><br>\n<ul><li>Dost\u0119p do urz\u0105dzenia maj\u0105cego dost\u0119p do sieci Internet<br><\/li>\n<li>Dost\u0119p do poczty e-mail<br><\/li>\n<li>Poprawne skonfigurowanie przegl\u0105darki internetowej obs\u0142uguj\u0105cej pliki Cookies<\/li><\/ul><br><\/li>\n\n<li>Informacje o Konferencji, w tym program, publikowane s\u0105 na stronie internetowej https:\/\/www.festivalcc.pl<br><br><\/li>\n\n<li>Konferencja prowadzona jest w j\u0119zyku polskim. Organizator nie wyklucza jednak wyg\u0142aszania prelekcji w innym j\u0119zyku<br><br><\/li>\n\n<li>Konferencja ma charakter zamkni\u0119ty. Uczestnictwo wymaga uprzedniej rejestracji.<br><br><\/li>\n<\/div><\/div><\/div><\/div><div class='wppb-builder-addon wppb-addon-1617173580180'  data-addon-id='1617173580180'><div class='wppb-addon'><div class=\"wppb-raw-html-addon\"><div class=\"wppb-raw-html-content\"><b>\u00a74 WARUNKI UCZESTNICTWA<\/b><br><br>\n\n<ol>\n<li>Warunkiem uczestnictwa w Konferencji jest uprzednio dokonanie Rejestracji za po\u015brednictwem Formularza zg\u0142oszeniowego na stronie internetowej Konferencji pod adresem https:\/\/www.festivalcc.pl do dnia 4.09.2021 do godziny 19:00.<br><br><\/li>\n\n<li> W celu dokonania Rejestracji, Uczestnik na stronie internetowej winien wype\u0142ni\u0107 Formularz Zg\u0142oszeniowy, podaj\u0105c wszystkie wymagane przez formularz dane. Dane obowi\u0105zkowe zosta\u0142y oznaczone przez Organizatora. W przypadku podania przez Uczestnika niepoprawnych danych \u2013 Organizator ma prawo odmowy rejestracji. <br><br><\/li>\n\n<li> Ka\u017cdy zarejestrowany uczestnik otrzyma od Organizatora link umo\u017cliwiaj\u0105cy zalogowanie si\u0119 na platformie https:\/\/live.festivalcc.pl do dnia 5.09.2021 do godz. 19:00. W przypadku nieotrzymania takiej wiadomo\u015bci \u2013 Uczestnik mo\u017ce zwr\u00f3ci\u0107 si\u0119 do pomocy technicznej zorganizowanej przez Organizatora pod adresem: https:\/\/www.festivalcc.pl\/pomoclive<br><br><\/li>\n\n\n<li> Organizator nie wystawia i nie wysy\u0142a certyfikat\u00f3w uczestnictwa w Konferencji. Jedynym potwierdzeniem udzia\u0142u w Konferencji jest wiadomo\u015b\u0107 e-mail z podzi\u0119kowaniem za udzia\u0142 w wydarzeniu.<br><br><\/li>\n<\/ol>\n<\/div><\/div><\/div><\/div><div class='wppb-builder-addon wppb-addon-1626813773668'  data-addon-id='1626813773668'><div class='wppb-addon'><div class=\"wppb-raw-html-addon\"><div class=\"wppb-raw-html-content\"><b>\u00a75 UDZIA\u0141 W MEET UP<\/b><br><br>\n\n<ol>\n<li>Organizator w ramach Konferencji organizuje dodatkowe warsztaty specjalistyczne.<br><br><\/li>\n\n<li>Udzia\u0142 w warsztatach jest dobrowolny, a osoby zainteresowane udzia\u0142em w nim winne uprzednio dokona\u0107 oddzielnej rejestracji z obowi\u0105zkiem zap\u0142aty.<br><br><\/li>\n\n<li>Wskazana przez organizatora cena obejmuje udzia\u0142 w prelekcjach on-line, opiek\u0119 zespo\u0142u obs\u0142ugi uczestnika, certyfikat elektroniczny udzia\u0142u w warsztacie i materia\u0142y w wersji elektronicznej dostarczone przez prelegent\u00f3w warsztat\u00f3w.<br><br><\/li>\n\n<li>P\u0142atno\u015b\u0107 za warsztat dokonywana jest na podstawie faktury VAT z terminem p\u0142atno\u015bci najp\u00f3\u017aniej do dnia poprzedzaj\u0105cego wydarzenie. <br><br><\/li>\n\n<li>Organizator dopuszcza zmian\u0119 uczestnika, jednak nie p\u00f3\u017aniej ni\u017c do dnia 5 wrze\u015bnia br. Po tym terminie zmiana jest niemo\u017cliwa.<br><br><\/li>\n\n<li>Rezygnacja z udzia\u0142u w warsztacie mo\u017cliwa jest w ci\u0105gu 14 dni od zakupu. W\u00f3wczas zamawiaj\u0105cy uzyskuje zwrot koszt\u00f3w zakupionego uczestnictwa.<br><br><\/li>\n\n<li>Organizator zastrzega sobie prawo do odwo\u0142ania warsztatu w przypadku niskiej frekwencji uczestnik\u00f3w. W\u00f3wczas ka\u017cdemu z uczestnik\u00f3w przys\u0142uguje zwrot koszt\u00f3w zakupionego uczestnictwa.<br><br><\/li>\n\n<\/ol>\n<\/div><\/div><\/div><\/div><div class='wppb-builder-addon wppb-addon-1617173580317'  data-addon-id='1617173580317'><div class='wppb-addon'><div class=\"wppb-raw-html-addon\"><div class=\"wppb-raw-html-content\"><b>\u00a76 REKLAMACJE<\/b><br><br>\n\n<ol>\n<li> Wszelkie reklamacje Uczestnik\u00f3w Konferencji wobec Organizatora powinny by\u0107 zg\u0142aszane w formie pisemnej za po\u015brednictwem formularza dost\u0119pnego na stronie internetowej: https:\/\/www.festivalcc.pl\/pomoc. Rozpatrywane b\u0119d\u0105 reklamacje wy\u0142\u0105cznie zawieraj\u0105ce poprawnie wype\u0142niony formularz zg\u0142oszeniowy oraz poprawne dane kontaktowe. Reklamacj\u0119 mog\u0105 z\u0142o\u017cy\u0107 wy\u0142\u0105cznie zarejestrowani Uczestnicy Konferencji. Fakt ten b\u0119dzie potwierdzany ka\u017cdorazowo przez Organizatora poprzez weryfikacj\u0119 danych z baz\u0105 uczestnik\u00f3w.<br><br><\/li>\n\n\n<li> Reklamacje przyjmowane s\u0105 przez Organizatora najp\u00f3\u017aniej w ci\u0105gu 5 dni od zako\u0144czenia Konferencji.<br><br><\/li>\n\n<li> Reklamacje zg\u0142oszone po terminie wskazanym w pkt 2 \u2013 pozostan\u0105 nierozpatrzone. <br><br><\/li>\n\n<li> Reklamacje zg\u0142oszone w terminie zostan\u0105 rozpatrzone w ci\u0105gu 14 dni od daty z\u0142o\u017cenia reklamacji. Odpowied\u017a na z\u0142o\u017con\u0105 reklamacj\u0119 zostanie przekazana Uczestnikowi w formie wiadomo\u015bci e-mail.<br><br><\/li>\n<\/ol>\n<\/div><\/div><\/div><\/div>                                            <\/div>\n                                        <\/div>\n                                    <\/div>\n\t\t\t\t\t\t\t\t\t                                    <div  class=\"wppb-column-parent wppb-column-parent-view wppb-col-1617008030977  \"  >\n                                        <div class=\"wppb-column\">\n\t\t\t\t\t\n\t\t\t\t\t\t\t\t\t\t\t\n                                            <div class=\"wppb-builder-addons\">\n\t\t\t\t\t\t\t\t\t\t\t\t<div class='wppb-builder-addon wppb-addon-1617173580438'  data-addon-id='1617173580438'><div class='wppb-addon'><div class=\"wppb-raw-html-addon\"><div class=\"wppb-raw-html-content\"><b>\u00a77 DANE OSOBOWE<\/b><br><br>\n\n<ol>\n<li> Administratorem danych osobowych jest Organizator.<br><br><\/li>\n\n<li> Dane osobowe s\u0105 przetwarzane zgodnie z Rozporz\u0105dzeniem Parlamentu Europejskiego i Rady (UE) 2016\/679 z dnia 27 kwietnia 2016 roku oraz zgodne z Ustaw\u0105 o ochronie danych osobowych z dnia 10 maja 2018 roku (Dz. U. 2018 poz. 1000).<br><br><\/li>\n\n<li> Dane osobowe Uczestnika przetwarzane s\u0105 w celu przeprowadzenia Konferencji, w tym stworzenia listy uczestnik\u00f3w Konferencji i umo\u017cliwienia dost\u0119pu do transmisji prelekcji i paneli dyskusyjnych.<br><br><\/li>\n\n<li> Dokonuj\u0105c rejestracji Uczestnik wyra\u017ca zgod\u0119 na przetwarzanie jego danych osobowych i ich przekazywanie osobom trzecim do cel\u00f3w prowadzenia Konferencji. W przypadku, gdy dokonuj\u0105cym Rejestracji nie jest Uczestnik, r\u00f3wnie\u017c i on wyra\u017ca zgod\u0119 na przetwarzanie jego danych osobowych w celu realizacji wymiany informacji zwi\u0105zanych z Konferencj\u0105.<br><br><\/li>\n\n<li> Dokonuj\u0105c rejestracji Uczestnik wyra\u017ca zgod\u0119 na \u015bwiadczenie us\u0142ug drog\u0105 elektroniczn\u0105 w celach zwi\u0105zanych z realizacj\u0105 Konferencji.<br><br><\/li>\n\n<li> Uczestnikom oraz osobom fizycznym wspieraj\u0105cym proces rejestracji uczestnik\u00f3w przys\u0142uguje prawo dost\u0119pu do swoich danych osobowych, mo\u017cliwo\u015bci ich poprawiania, usuni\u0119cia lub ograniczenia, prawie sprzeciwu wobec przetwarzania danych, prawie do ich przenoszenia, a tak\u017ce prawie do wniesienia skargi do Prezesa Urz\u0119du Ochrony Danych Osobowych.<br><br><\/li>\n\n<li> Dane osobowe b\u0119d\u0105 przechowywane do momentu cofni\u0119cia zgody na ich przetwarzanie i nie b\u0119d\u0105 przekazywane do pa\u0144stw trzecich (poza Europejski Obszar Gospodarczy), chyba, \u017ce Uczestnik konferencji udzieli takiej zgody wsp\u00f3\u0142pracuj\u0105cemu z Organizatorem podmiotowi.<br><br><\/li>\n\n<li> Podanie danych jest dobrowolne, ale niezb\u0119dne do wzi\u0119cia udzia\u0142u w Konferencji.<br><br><\/li>\n\n<li> Organizator podejmuje wszelkie \u015brodki bezpiecze\u0144stwa zgodne z przepisami prawa. Informacje o szczeg\u00f3lnym znaczeniu, w tym dane osobowe, s\u0105 szyfrowane (SSL).<br><br><\/li>\n<\/ol>\n<\/div><\/div><\/div><\/div><div class='wppb-builder-addon wppb-addon-1617173580593'  data-addon-id='1617173580593'><div class='wppb-addon'><div class=\"wppb-raw-html-addon\"><div class=\"wppb-raw-html-content\"><b>\u00a78 OBOWI\u0104ZKI UCZESTNIK\u00d3W<\/b><br><br>\n\n<ol>\n<li> Uczestnik zobowi\u0105zany jest do zapoznania si\u0119 z tre\u015bci\u0105 niniejszego Regulaminu<br><br><\/li> \n\n<li> Uczestnik zobowi\u0105zany jest do podania poprawnych danych kontaktowych. Wpisanie danych niepoprawnych uniemo\u017cliwi uczestnictwo w Konferencji.<br><br><\/li> \n\n<li> Uczestnik zobowi\u0105zany jest do nieudost\u0119pniania linku i danych dost\u0119powych do platformy https:\/\/live.festivalcc.pl innym osobom trzecim, w szczeg\u00f3lno\u015bci wsp\u00f3\u0142pracownikom. Wsp\u00f3\u0142pracownicy mog\u0105 dokona\u0107 samodzielnej rejestracji. Rejestracja jest Bezp\u0142atna.<br><br><\/li> \n<\/div><\/div><\/div><\/div><div class='wppb-builder-addon wppb-addon-1617173580696'  data-addon-id='1617173580696'><div class='wppb-addon'><div class=\"wppb-raw-html-addon\"><div class=\"wppb-raw-html-content\"><b>\u00a79 ODPOWIEDZIALNO\u015a\u0106<\/b><br><br>\n\n<ol>\n<li>Organizator o\u015bwiadcza, \u017ce tre\u015bci przekazane przez niego i upowa\u017cnione przez niego osoby maj\u0105 charakter edukacyjny. Organizator nie ponosi odpowiedzialno\u015bci za szkody powsta\u0142e u Uczestnik\u00f3w lub os\u00f3b trzecich, w bezpo\u015brednim zwi\u0105zku lub na skutek wykorzystania przez Uczestnik\u00f3w informacji, wiedzy lub umiej\u0119tno\u015bci zdobytych podczas Konferencji.<br><br><\/li>\n\n<li>W przypadku gdy Konferencja nie ob\u0119dzie si\u0119 z przyczyn wy\u0142\u0105cznie zale\u017cnych przez Organizatora, Organizator niezw\u0142ocznie przeka\u017ce informacje o tym fakcie Uczestnikom.<br><br><\/li>\n\n<li>Organizator nie ponosi odpowiedzialno\u015bci za jako\u015b\u0107 \u0142\u0105cz teleinformatycznych posiadanych przez Uczestnika.<br><br><\/li>\n\n<li>Organizator nie ponosi odpowiedzialno\u015bci za stan techniczny urz\u0105dze\u0144 b\u0119d\u0105cych w posiadaniu przez Uczestnika, a kt\u00f3re s\u0142u\u017cy\u0107 mu b\u0119d\u0105 do nawi\u0105zania po\u0142\u0105czenia z platform\u0105 https:\/\/live.festivalcc.pl.<br><br><\/li>\n\n<li>Organizator nie ponosi odpowiedzialno\u015bci za pozostawione przez Uczestnika niepoprawnych danych osobowych.<br><br><\/li>\n\n<li>W przypadku, gdy Konferencja nie odb\u0119dzie si\u0119 z przyczyn niezale\u017cnych od Organizatora tzw. \u201esi\u0142y wy\u017cszej\u201d, Uczestnikowi nie przys\u0142uguje prawo do odszkodowania lub zwrotu jakichkolwiek op\u0142at zwi\u0105zanych z uczestnictwem w Konferencji, a tak\u017ce wszelkich koszt\u00f3w dodatkowych zleconych Organizatorowi przez Uczestnik\u00f3w Konferencji.<br><br><\/li>\n<\/ol>\n<\/div><\/div><\/div><\/div><div class='wppb-builder-addon wppb-addon-1617173580823'  data-addon-id='1617173580823'><div class='wppb-addon'><div class=\"wppb-raw-html-addon\"><div class=\"wppb-raw-html-content\"><b>\u00a710 POSTANOWIENIA KO\u0143COWE<\/b><br><br>\n\n<ol>\n<li> Wys\u0142anie Zg\u0142oszenia rejestracyjnego zamieszczonego na stronie internetowej https:\/\/www.festivalcc.pl oznacza akceptacj\u0119 postanowie\u0144 Regulaminu, a tak\u017ce przestrzegania przepis\u00f3w porz\u0105dkowych oraz wszelkich innych ustale\u0144 dokonanych mi\u0119dzy Uczestnikiem a Organizatorem.<br><br><\/li>\n\n<li> Szczeg\u00f3\u0142owy program Konferencji zostanie umieszczony na stronie internetowej https:\/\/www.festivalcc.pl najp\u00f3\u017aniej na 7 dni przed wydarzeniem. Agenda wydarzenia opublikowana b\u0119dzie w formie draftu od pierwszego dnia rozpocz\u0119cia rejestracji Uczestnik\u00f3w.<br><br><\/li>\n\n<li> Wszelkie spory mog\u0105ce wynikn\u0105\u0107 z tytu\u0142u uczestnictwa w Konferencji b\u0119d\u0105 rozstrzygane przez s\u0105d w\u0142a\u015bciwy dla siedziby Organizatora.<br><br><\/li>\n\n<li> W sprawach nieuregulowanych Regulaminem zastosowanie maj\u0105 odpowiednie przepisy prawa polskiego. <br><br><\/li>\n\n<li> Regulamin wchodzi w \u017cycie z dniem jego zamieszczenia na stronie internetowej: https:\/\/www.festivalcc.pl<br><br><\/li>\n\n<li> Organizator ma prawo zmiany postanowie\u0144 Regulaminu. Zmiany wchodz\u0105 w \u017cycie od dnia ich zamieszczenia na stronie internetowej https:\/\/www.festivalcc.pl. Organizator nie ma obowi\u0105zku informowania o zmianie Uczestnik\u00f3w w formie indywidualnej. <br><br><\/li>\n\n<li> Informacja o zakresie zmiany Regulaminu opublikowana zostanie na stronie internetowej https:\/\/www.festivalcc.pl\/pomoc.\n<br><br><\/li>\n<\/ol> \n<\/div><\/div><\/div><\/div><div class='wppb-builder-addon wppb-addon-1617177285042'  data-addon-id='1617177285042'><div class='wppb-addon'><div class=\"wppb-headline-addon\"><div class=\"wppb-headline-content\"><span class=\"wppb-addon-title\">Data publikacji: 31.03.2021 Ostatnie zmiany: 20.07.2021 Wprowadzone zmiany dotycz\u0105 nowej tre\u015bci \u00a75 oraz zmiany numeracji paragraf\u00f3w od \u00a76 do \u00a710)<\/span><\/div><\/div><\/div><\/div>                                            <\/div>\n                                        <\/div>\n                                    <\/div>\n\t\t\t\t\t\t\t\t\t                        <\/div>\n\n                    <\/div>\n                <\/div>\n\t\t\t\t<\/div>","protected":false},"excerpt":{"rendered":"","protected":false},"author":1,"featured_media":0,"parent":0,"menu_order":0,"comment_status":"closed","ping_status":"closed","template":"wppb_theme_template","meta":{"footnotes":""},"class_list":["post-48","page","type-page","status-publish","hentry"],"_links":{"self":[{"href":"https:\/\/www.festivalcc.pl\/2021\/wp-json\/wp\/v2\/pages\/48","targetHints":{"allow":["GET"]}}],"collection":[{"href":"https:\/\/www.festivalcc.pl\/2021\/wp-json\/wp\/v2\/pages"}],"about":[{"href":"https:\/\/www.festivalcc.pl\/2021\/wp-json\/wp\/v2\/types\/page"}],"author":[{"embeddable":true,"href":"https:\/\/www.festivalcc.pl\/2021\/wp-json\/wp\/v2\/users\/1"}],"replies":[{"embeddable":true,"href":"https:\/\/www.festivalcc.pl\/2021\/wp-json\/wp\/v2\/comments?post=48"}],"version-history":[{"count":1,"href":"https:\/\/www.festivalcc.pl\/2021\/wp-json\/wp\/v2\/pages\/48\/revisions"}],"predecessor-version":[{"id":49,"href":"https:\/\/www.festivalcc.pl\/2021\/wp-json\/wp\/v2\/pages\/48\/revisions\/49"}],"wp:attachment":[{"href":"https:\/\/www.festivalcc.pl\/2021\/wp-json\/wp\/v2\/media?parent=48"}],"curies":[{"name":"wp","href":"https:\/\/api.w.org\/{rel}","templated":true}]}}